{"id":71,"date":"2017-08-01T12:30:59","date_gmt":"2017-08-01T12:30:59","guid":{"rendered":"http:\/\/tischlerei-carstens.com\/?page_id=71"},"modified":"2017-08-03T08:10:14","modified_gmt":"2017-08-03T08:10:14","slug":"drechslerei","status":"publish","type":"page","link":"https:\/\/tischlerei-carstens.com\/?page_id=71","title":{"rendered":"Drechslerei"},"content":{"rendered":"<p>[et_pb_section admin_label=&#8220;Sektion&#8220; transparent_background=&#8220;off&#8220; allow_player_pause=&#8220;off&#8220; inner_shadow=&#8220;off&#8220; parallax=&#8220;off&#8220; parallax_method=&#8220;on&#8220; make_fullwidth=&#8220;off&#8220; use_custom_width=&#8220;off&#8220; width_unit=&#8220;off&#8220; custom_width_px=&#8220;1080px&#8220; custom_width_percent=&#8220;80%&#8220; make_equal=&#8220;off&#8220; use_custom_gutter=&#8220;off&#8220; fullwidth=&#8220;on&#8220; specialty=&#8220;off&#8220; disabled=&#8220;off&#8220;][et_pb_fullwidth_slider admin_label=&#8220;Vollbreiter Slider&#8220; show_arrows=&#8220;off&#8220; show_pagination=&#8220;off&#8220; auto=&#8220;off&#8220; auto_speed=&#8220;7000&#8243; auto_ignore_hover=&#8220;off&#8220; parallax=&#8220;off&#8220; parallax_method=&#8220;off&#8220; remove_inner_shadow=&#8220;on&#8220; background_position=&#8220;top_center&#8220; background_size=&#8220;contain&#8220; hide_content_on_mobile=&#8220;off&#8220; hide_cta_on_mobile=&#8220;off&#8220; show_image_video_mobile=&#8220;on&#8220; custom_button=&#8220;off&#8220; button_letter_spacing=&#8220;0&#8243; button_use_icon=&#8220;default&#8220; button_icon_placement=&#8220;right&#8220; button_on_hover=&#8220;on&#8220; button_letter_spacing_hover=&#8220;0&#8243; disabled=&#8220;off&#8220;] [et_pb_slide heading=&#8220;Drechslerei&#8220; button_link=&#8220;#&#8220; background_image=&#8220;http:\/\/tischlerei-carstens.com\/wp-content\/uploads\/2017\/08\/P1020311.jpg&#8220; background_position=&#8220;top_center&#8220; background_size=&#8220;contain&#8220; background_color=&#8220;#ffffff&#8220; use_bg_overlay=&#8220;off&#8220; use_text_overlay=&#8220;off&#8220; alignment=&#8220;center&#8220; background_layout=&#8220;dark&#8220; allow_player_pause=&#8220;off&#8220; text_border_radius=&#8220;3&#8243; header_font=&#8220;||||&#8220; body_font=&#8220;||||&#8220; custom_button=&#8220;off&#8220; button_font=&#8220;||||&#8220; button_use_icon=&#8220;default&#8220; button_icon_placement=&#8220;right&#8220; button_on_hover=&#8220;on&#8220; disabled=&#8220;off&#8220; header_font_select=&#8220;default&#8220; body_font_select=&#8220;default&#8220; button_font_select=&#8220;default&#8220;] [\/et_pb_slide] [\/et_pb_fullwidth_slider][\/et_pb_section][et_pb_section admin_label=&#8220;section&#8220; transparent_background=&#8220;off&#8220; allow_player_pause=&#8220;off&#8220; inner_shadow=&#8220;off&#8220; parallax=&#8220;off&#8220; parallax_method=&#8220;on&#8220; custom_padding=&#8220;0px|0px|54px|0px&#8220; make_fullwidth=&#8220;off&#8220; use_custom_width=&#8220;off&#8220; width_unit=&#8220;off&#8220; custom_width_px=&#8220;1080px&#8220; custom_width_percent=&#8220;80%&#8220; make_equal=&#8220;off&#8220; use_custom_gutter=&#8220;off&#8220; fullwidth=&#8220;off&#8220; specialty=&#8220;off&#8220; disabled=&#8220;off&#8220;][et_pb_row admin_label=&#8220;row&#8220; make_fullwidth=&#8220;off&#8220; use_custom_width=&#8220;off&#8220; width_unit=&#8220;off&#8220; custom_width_px=&#8220;1080px&#8220; custom_width_percent=&#8220;80%&#8220; use_custom_gutter=&#8220;off&#8220; gutter_width=&#8220;3&#8243; custom_padding=&#8220;0px|0px|27px|0px&#8220; allow_player_pause=&#8220;off&#8220; parallax=&#8220;off&#8220; parallax_method=&#8220;on&#8220; make_equal=&#8220;off&#8220; parallax_1=&#8220;off&#8220; parallax_method_1=&#8220;on&#8220; parallax_2=&#8220;off&#8220; parallax_method_2=&#8220;on&#8220; parallax_3=&#8220;off&#8220; parallax_method_3=&#8220;on&#8220; parallax_4=&#8220;off&#8220; parallax_method_4=&#8220;on&#8220; disabled=&#8220;off&#8220;][et_pb_column type=&#8220;1_4&#8243;][\/et_pb_column][et_pb_column type=&#8220;1_2&#8243;][et_pb_text admin_label=&#8220;Text&#8220; background_layout=&#8220;light&#8220; text_orientation=&#8220;left&#8220; use_border_color=&#8220;off&#8220; border_style=&#8220;solid&#8220; disabled=&#8220;off&#8220; border_color=&#8220;#ffffff&#8220;]<\/p>\n<h2><span style=\"font-size: large;\"><b>Drechslerei<em> \u2013 Afdreiher<\/em><br \/>\n<\/b><\/span><\/h2>\n<p>In der Drechslerei stellen wir Schalen, Dosen, Kugeln, S\u00e4ulen und \u00e4hnliches her \u2013 ausschlie\u00dflich als kunsthandwerkliche Unikate. Wenn daf\u00fcr H\u00f6lzer aus Ihrem Umfeld genutzt werden, dann lassen sich Erinnerungen und Geschenke mit einem einzigartigen Symbolwert herstellen.<\/p>\n<p>Die Bilder unten zeigen eine Schale aus Olivenholz und eine Dose aus R\u00fcster.<\/p>\n<p>[\/et_pb_text][et_pb_image admin_label=&#8220;Bild&#8220; src=&#8220;http:\/\/tischlerei-carstens.com\/wp-content\/uploads\/2017\/08\/Schale-aus-Olive.jpg&#8220; show_in_lightbox=&#8220;off&#8220; url_new_window=&#8220;off&#8220; use_overlay=&#8220;off&#8220; animation=&#8220;left&#8220; sticky=&#8220;off&#8220; align=&#8220;left&#8220; force_fullwidth=&#8220;off&#8220; always_center_on_mobile=&#8220;on&#8220; use_border_color=&#8220;off&#8220; border_color=&#8220;#ffffff&#8220; border_style=&#8220;solid&#8220;] [\/et_pb_image][et_pb_image admin_label=&#8220;Bild&#8220; src=&#8220;http:\/\/tischlerei-carstens.com\/wp-content\/uploads\/2017\/08\/Dose-aus-Ru\u0308ster.jpg&#8220; show_in_lightbox=&#8220;off&#8220; url_new_window=&#8220;off&#8220; use_overlay=&#8220;off&#8220; animation=&#8220;left&#8220; sticky=&#8220;off&#8220; align=&#8220;left&#8220; force_fullwidth=&#8220;off&#8220; always_center_on_mobile=&#8220;on&#8220; use_border_color=&#8220;off&#8220; border_color=&#8220;#ffffff&#8220; border_style=&#8220;solid&#8220;] [\/et_pb_image][\/et_pb_column][et_pb_column type=&#8220;1_4&#8243;][\/et_pb_column][\/et_pb_row][\/et_pb_section]<\/p>\n","protected":false},"excerpt":{"rendered":"<p>[et_pb_section admin_label=&#8220;Sektion&#8220; transparent_background=&#8220;off&#8220; allow_player_pause=&#8220;off&#8220; inner_shadow=&#8220;off&#8220; parallax=&#8220;off&#8220; parallax_method=&#8220;on&#8220; make_fullwidth=&#8220;off&#8220; use_custom_width=&#8220;off&#8220; width_unit=&#8220;off&#8220; custom_width_px=&#8220;1080px&#8220; custom_width_percent=&#8220;80%&#8220; make_equal=&#8220;off&#8220; use_custom_gutter=&#8220;off&#8220; fullwidth=&#8220;on&#8220; specialty=&#8220;off&#8220; disabled=&#8220;off&#8220;][et_pb_fullwidth_slider admin_label=&#8220;Vollbreiter Slider&#8220; show_arrows=&#8220;off&#8220; show_pagination=&#8220;off&#8220; auto=&#8220;off&#8220; auto_speed=&#8220;7000&#8243; auto_ignore_hover=&#8220;off&#8220; parallax=&#8220;off&#8220; parallax_method=&#8220;off&#8220; remove_inner_shadow=&#8220;on&#8220; background_position=&#8220;top_center&#8220; background_size=&#8220;contain&#8220; hide_content_on_mobile=&#8220;off&#8220; hide_cta_on_mobile=&#8220;off&#8220; show_image_video_mobile=&#8220;on&#8220; custom_button=&#8220;off&#8220; button_letter_spacing=&#8220;0&#8243; button_use_icon=&#8220;default&#8220; button_icon_placement=&#8220;right&#8220; button_on_hover=&#8220;on&#8220; button_letter_spacing_hover=&#8220;0&#8243; disabled=&#8220;off&#8220;] [et_pb_slide heading=&#8220;Drechslerei&#8220; button_link=&#8220;#&#8220; background_image=&#8220;http:\/\/tischlerei-carstens.com\/wp-content\/uploads\/2017\/08\/P1020311.jpg&#8220; background_position=&#8220;top_center&#8220; background_size=&#8220;contain&#8220; background_color=&#8220;#ffffff&#8220; use_bg_overlay=&#8220;off&#8220; use_text_overlay=&#8220;off&#8220; alignment=&#8220;center&#8220; background_layout=&#8220;dark&#8220; allow_player_pause=&#8220;off&#8220; text_border_radius=&#8220;3&#8243; header_font=&#8220;||||&#8220; body_font=&#8220;||||&#8220; custom_button=&#8220;off&#8220; [&hellip;]<\/p>\n","protected":false},"author":1,"featured_media":0,"parent":0,"menu_order":0,"comment_status":"closed","ping_status":"closed","template":"","meta":{"footnotes":""},"class_list":["post-71","page","type-page","status-publish","hentry"],"aioseo_notices":[],"_links":{"self":[{"href":"https:\/\/tischlerei-carstens.com\/index.php?rest_route=\/wp\/v2\/pages\/71","targetHints":{"allow":["GET"]}}],"collection":[{"href":"https:\/\/tischlerei-carstens.com\/index.php?rest_route=\/wp\/v2\/pages"}],"about":[{"href":"https:\/\/tischlerei-carstens.com\/index.php?rest_route=\/wp\/v2\/types\/page"}],"author":[{"embeddable":true,"href":"https:\/\/tischlerei-carstens.com\/index.php?rest_route=\/wp\/v2\/users\/1"}],"replies":[{"embeddable":true,"href":"https:\/\/tischlerei-carstens.com\/index.php?rest_route=%2Fwp%2Fv2%2Fcomments&post=71"}],"version-history":[{"count":9,"href":"https:\/\/tischlerei-carstens.com\/index.php?rest_route=\/wp\/v2\/pages\/71\/revisions"}],"predecessor-version":[{"id":257,"href":"https:\/\/tischlerei-carstens.com\/index.php?rest_route=\/wp\/v2\/pages\/71\/revisions\/257"}],"wp:attachment":[{"href":"https:\/\/tischlerei-carstens.com\/index.php?rest_route=%2Fwp%2Fv2%2Fmedia&parent=71"}],"curies":[{"name":"wp","href":"https:\/\/api.w.org\/{rel}","templated":true}]}}